{"id":61,"date":"2021-12-31T17:22:57","date_gmt":"2021-12-31T16:22:57","guid":{"rendered":"https:\/\/solucionsmarsal.es\/blog\/?page_id=61"},"modified":"2024-02-23T13:11:37","modified_gmt":"2024-02-23T12:11:37","slug":"instalacion-electrica","status":"publish","type":"page","link":"https:\/\/solucionsmarsal.es\/blog\/instalacion-electrica\/","title":{"rendered":"Instalaciones El\u00e9ctricas"},"content":{"rendered":"\n<blockquote class=\"wp-block-quote\">\n<p>Realizamos las instalaciones el\u00e9ctricas de baja tensi\u00f3n, desde la caja general de protecci\u00f3n hasta los puntos de consumo, bater\u00edas de contadores, cuadros el\u00e9ctricos, canalizaciones y cableados, mecanismos<\/p>\n<\/blockquote>\n\n\n\n<ul>\n<li>Instalaciones el\u00e9ctricas en viviendas.<\/li>\n\n\n\n<li>Instalaciones el\u00e9ctricas en locales comerciales, oficinas.<\/li>\n\n\n\n<li>Instalaciones el\u00e9ctricas en comunidades de propietarios y vecinos.<\/li>\n\n\n\n<li>Iluminaci\u00f3n led y de bajo consumo<\/li>\n\n\n\n<li>Asesoramiento energ\u00e9tico<\/li>\n\n\n\n<li>Acometidas y cuadros el\u00e9ctricos<\/li>\n\n\n\n<li>Reparaci\u00f3n de aver\u00edas el\u00e9ctricas<\/li>\n\n\n\n<li>Cambio de enchufes, tomas e interruptores<\/li>\n<\/ul>\n","protected":false},"excerpt":{"rendered":"<p>Realizamos las instalaciones el\u00e9ctricas,<br \/>\nbater\u00edas de contadores, cuadros el\u00e9ctricos, canalizaciones y cableados, mecanismos<\/p>\n","protected":false},"author":1,"featured_media":147,"parent":0,"menu_order":0,"comment_status":"closed","ping_status":"closed","template":"","meta":{"footnotes":""},"_links":{"self":[{"href":"https:\/\/solucionsmarsal.es\/blog\/wp-json\/wp\/v2\/pages\/61"}],"collection":[{"href":"https:\/\/solucionsmarsal.es\/blog\/wp-json\/wp\/v2\/pages"}],"about":[{"href":"https:\/\/solucionsmarsal.es\/blog\/wp-json\/wp\/v2\/types\/page"}],"author":[{"embeddable":true,"href":"https:\/\/solucionsmarsal.es\/blog\/wp-json\/wp\/v2\/users\/1"}],"replies":[{"embeddable":true,"href":"https:\/\/solucionsmarsal.es\/blog\/wp-json\/wp\/v2\/comments?post=61"}],"version-history":[{"count":8,"href":"https:\/\/solucionsmarsal.es\/blog\/wp-json\/wp\/v2\/pages\/61\/revisions"}],"predecessor-version":[{"id":155,"href":"https:\/\/solucionsmarsal.es\/blog\/wp-json\/wp\/v2\/pages\/61\/revisions\/155"}],"wp:featuredmedia":[{"embeddable":true,"href":"https:\/\/solucionsmarsal.es\/blog\/wp-json\/wp\/v2\/media\/147"}],"wp:attachment":[{"href":"https:\/\/solucionsmarsal.es\/blog\/wp-json\/wp\/v2\/media?parent=61"}],"curies":[{"name":"wp","href":"https:\/\/api.w.org\/{rel}","templated":true}]}}