{"id":95,"date":"2024-02-23T10:41:32","date_gmt":"2024-02-23T09:41:32","guid":{"rendered":"https:\/\/solucionsmarsal.es\/blog\/?page_id=95"},"modified":"2024-02-23T13:16:58","modified_gmt":"2024-02-23T12:16:58","slug":"climatizacion","status":"publish","type":"page","link":"https:\/\/solucionsmarsal.es\/blog\/climatizacion\/","title":{"rendered":"Climatizaci\u00f3n"},"content":{"rendered":"\n<p>Somos una empresa especializada en\u00a0<strong>instalaciones de climatizaci\u00f3n<\/strong>, ofrecemos soluciones que se adaptan a nuestros clientes<\/p>\n\n\n\n<p>Garantizamos el mejor servicio, realizando rigurosos controles de calidad en los materiales antes de cada una de nuestras instalaciones.<\/p>\n\n\n\n<p>Estamos muy concienciados con el cuidado al medio ambiente y la eficiencia energ\u00e9tica.\u00a0Nos hemos especializado en la instalaci\u00f3n\u00a0<strong>Aerotermia<\/strong>, que permite generar calefacci\u00f3n en invierno, refrigeraci\u00f3n en verano y agua caliente sanitaria (ACS) durante todo el a\u00f1o con un ahorro en electricidad de m\u00e1s de un 70%.<\/p>\n\n\n\n<p><\/p>\n","protected":false},"excerpt":{"rendered":"<p>Nuestras instalaciones de climatizaci\u00f3n las proyectamos y realizamos teniendo en cuenta la eficiencia energ\u00e9tica y cuidando el medio ambiente. <\/p>\n","protected":false},"author":1,"featured_media":148,"parent":0,"menu_order":0,"comment_status":"closed","ping_status":"closed","template":"","meta":{"footnotes":""},"_links":{"self":[{"href":"https:\/\/solucionsmarsal.es\/blog\/wp-json\/wp\/v2\/pages\/95"}],"collection":[{"href":"https:\/\/solucionsmarsal.es\/blog\/wp-json\/wp\/v2\/pages"}],"about":[{"href":"https:\/\/solucionsmarsal.es\/blog\/wp-json\/wp\/v2\/types\/page"}],"author":[{"embeddable":true,"href":"https:\/\/solucionsmarsal.es\/blog\/wp-json\/wp\/v2\/users\/1"}],"replies":[{"embeddable":true,"href":"https:\/\/solucionsmarsal.es\/blog\/wp-json\/wp\/v2\/comments?post=95"}],"version-history":[{"count":3,"href":"https:\/\/solucionsmarsal.es\/blog\/wp-json\/wp\/v2\/pages\/95\/revisions"}],"predecessor-version":[{"id":159,"href":"https:\/\/solucionsmarsal.es\/blog\/wp-json\/wp\/v2\/pages\/95\/revisions\/159"}],"wp:featuredmedia":[{"embeddable":true,"href":"https:\/\/solucionsmarsal.es\/blog\/wp-json\/wp\/v2\/media\/148"}],"wp:attachment":[{"href":"https:\/\/solucionsmarsal.es\/blog\/wp-json\/wp\/v2\/media?parent=95"}],"curies":[{"name":"wp","href":"https:\/\/api.w.org\/{rel}","templated":true}]}}